{"id":45,"date":"2023-06-06T18:49:45","date_gmt":"2023-06-06T16:49:45","guid":{"rendered":"http:\/\/agnesfoiretcollet.com\/?page_id=45"},"modified":"2023-06-26T10:23:25","modified_gmt":"2023-06-26T08:23:25","slug":"agnes-foiret-collet","status":"publish","type":"page","link":"https:\/\/agnesfoiretcollet.com\/index.php\/agnes-foiret-collet\/","title":{"rendered":"Agn\u00e8s Foiret-Collet"},"content":{"rendered":"<div class=\"grid kcm\">\n<div class=\"grid__item six-twelfths portable--auto lap--auto palm--auto top-no-padding bottom-no-padding center \" data-style=\"\">\n<p>Enseignante-chercheure \u00e0 l\u2019Ecole des arts de la Sorbonne et \u00e0 l\u2019Institut ACTE de Paris1 Panth\u00e9on-Sorbonne<br \/>\nVit et travaille au Pouldu, Paris, Montgeron<br \/>\nN\u00e9e en 1958<\/p>\n<\/div>\n<div class=\"grid__item six-twelfths portable--auto lap--auto palm--auto top-no-padding bottom-no-padding center \" data-style=\"\">\n<h6>1987 : Agr\u00e9gation d\u2019arts plastiques<br \/>\n2011 : Doctorat en arts plastiques et sciences de l\u2019art<\/h6>\n<\/div>\n<\/div>\n","protected":false},"excerpt":{"rendered":"<p>Enseignante-chercheure \u00e0 l\u2019Ecole des arts de la Sorbonne et \u00e0 l\u2019Institut ACTE de Paris1 Panth\u00e9on-Sorbonne Vit et travaille au Pouldu, Paris, Montgeron N\u00e9e en 1958 1987 : Agr\u00e9gation d\u2019arts plastiques 2011 : Doctorat en arts plastiques et sciences de l\u2019art<\/p>\n","protected":false},"author":1,"featured_media":63,"parent":0,"menu_order":0,"comment_status":"closed","ping_status":"closed","template":"","meta":{"footnotes":""},"class_list":["post-45","page","type-page","status-publish","has-post-thumbnail","hentry"],"acf":[],"_links":{"self":[{"href":"https:\/\/agnesfoiretcollet.com\/index.php\/wp-json\/wp\/v2\/pages\/45","targetHints":{"allow":["GET"]}}],"collection":[{"href":"https:\/\/agnesfoiretcollet.com\/index.php\/wp-json\/wp\/v2\/pages"}],"about":[{"href":"https:\/\/agnesfoiretcollet.com\/index.php\/wp-json\/wp\/v2\/types\/page"}],"author":[{"embeddable":true,"href":"https:\/\/agnesfoiretcollet.com\/index.php\/wp-json\/wp\/v2\/users\/1"}],"replies":[{"embeddable":true,"href":"https:\/\/agnesfoiretcollet.com\/index.php\/wp-json\/wp\/v2\/comments?post=45"}],"version-history":[{"count":20,"href":"https:\/\/agnesfoiretcollet.com\/index.php\/wp-json\/wp\/v2\/pages\/45\/revisions"}],"predecessor-version":[{"id":274,"href":"https:\/\/agnesfoiretcollet.com\/index.php\/wp-json\/wp\/v2\/pages\/45\/revisions\/274"}],"wp:featuredmedia":[{"embeddable":true,"href":"https:\/\/agnesfoiretcollet.com\/index.php\/wp-json\/wp\/v2\/media\/63"}],"wp:attachment":[{"href":"https:\/\/agnesfoiretcollet.com\/index.php\/wp-json\/wp\/v2\/media?parent=45"}],"curies":[{"name":"wp","href":"https:\/\/api.w.org\/{rel}","templated":true}]}}